{"id":416,"date":"2022-03-17T10:27:36","date_gmt":"2022-03-17T10:27:36","guid":{"rendered":"https:\/\/seifrizag.ch\/?page_id=416"},"modified":"2022-03-17T10:39:53","modified_gmt":"2022-03-17T10:39:53","slug":"ueber-uns","status":"publish","type":"page","link":"https:\/\/seifrizag.ch\/index.php\/ueber-uns\/","title":{"rendered":"\u00dcber uns"},"content":{"rendered":"\t\t<div data-elementor-type=\"wp-page\" data-elementor-id=\"416\" class=\"elementor elementor-416\">\n\t\t\t\t\t\t<section class=\"elementor-section elementor-top-section elementor-element elementor-element-441e2789 elementor-section-boxed elementor-section-height-default elementor-section-height-default\" data-id=\"441e2789\" data-element_type=\"section\" data-e-type=\"section\" data-settings=\"{&quot;background_background&quot;:&quot;classic&quot;}\">\n\t\t\t\t\t\t\t<div class=\"elementor-background-overlay\"><\/div>\n\t\t\t\t\t\t\t<div class=\"elementor-container elementor-column-gap-no\">\n\t\t\t\t\t<div class=\"elementor-column elementor-col-50 elementor-top-column elementor-element elementor-element-6fb4c919\" data-id=\"6fb4c919\" data-element_type=\"column\" data-e-type=\"column\">\n\t\t\t<div class=\"elementor-widget-wrap elementor-element-populated\">\n\t\t\t\t\t\t<div class=\"elementor-element elementor-element-3b2f614 elementor-widget elementor-widget-text-editor\" data-id=\"3b2f614\" data-element_type=\"widget\" data-e-type=\"widget\" data-widget_type=\"text-editor.default\">\n\t\t\t\t<div class=\"elementor-widget-container\">\n\t\t\t\t\t\t\t\t\t<p style=\"margin-bottom: 0.0001pt; line-height: normal; background-image: initial; background-position: initial; background-size: initial; background-repeat: initial; background-attachment: initial; background-origin: initial; background-clip: initial;\"><span style=\"font-family: Arial, sans-serif; color: #111111; padding: 0cm; border: 1pt none windowtext;\">Die Firma Seifriz kann auf eine langj\u00e4hrige Tradition zur\u00fcckblicken.<\/span><\/p><p style=\"margin-bottom: 0.0001pt; line-height: normal; background-image: initial; background-position: initial; background-size: initial; background-repeat: initial; background-attachment: initial; background-origin: initial; background-clip: initial;\"><span style=\"font-family: Arial, sans-serif; color: #111111; padding: 0cm; border: 1pt none windowtext;\">1957 gr\u00fcndeten Willi Frank und Alfred Seifriz die Kommanditgesellschaft Frank und Seifriz.<\/span><\/p><p style=\"margin-bottom: 0.0001pt; line-height: normal; background-image: initial; background-position: initial; background-size: initial; background-repeat: initial; background-attachment: initial; background-origin: initial; background-clip: initial;\"><span style=\"font-family: Arial, sans-serif; color: #111111; padding: 0cm; border: 1pt none windowtext;\">1972 \u00fcbernahm Alfred Seifriz die Aktiven von Willi Frank und gr\u00fcndete neu das Gipsergesch\u00e4ft A. Seifriz.<\/span><\/p><p style=\"margin-bottom: 0.0001pt; line-height: normal; background-image: initial; background-position: initial; background-size: initial; background-repeat: initial; background-attachment: initial; background-origin: initial; background-clip: initial;\"><span style=\"font-family: Arial, sans-serif; color: #111111; padding: 0cm; border: 1pt none windowtext;\">\u00a0<\/span><\/p><p style=\"margin-bottom: 0.0001pt; line-height: normal; background-image: initial; background-position: initial; background-size: initial; background-repeat: initial; background-attachment: initial; background-origin: initial; background-clip: initial;\"><span style=\"font-family: Arial, sans-serif; color: #111111; padding: 0cm; border: 1pt none windowtext;\">Im selben Jahr trat auch der jetzige Gesch\u00e4ftsinhaber Peter Seifriz in die Firma ein. 1980 wurde aus der Einzelfirma die Familien AG gegr\u00fcndet. Bis heute ist die Firma voll in Familienbesitz. Im Jahr 2003 trat Marco Seifriz als 3. Generation nach bestandener Lehre und zweier Jahre Praktikum in den Betrieb ein.<\/span><\/p><p style=\"margin-bottom: 0.0001pt; line-height: normal; background-image: initial; background-position: initial; background-size: initial; background-repeat: initial; background-attachment: initial; background-origin: initial; background-clip: initial;\"><span style=\"font-family: Arial, sans-serif; color: #111111; padding: 0cm; border: 1pt none windowtext;\">Der Mitarbeiterstand betr\u00e4gt derzeit im administrativen Bereich 2 Personen und in der bautechnischen Abteilung 8 Personen.<\/span><\/p><p style=\"margin-bottom: 0.0001pt; line-height: normal; background-image: initial; background-position: initial; background-size: initial; background-repeat: initial; background-attachment: initial; background-origin: initial; background-clip: initial;\"><span style=\"font-family: Arial, sans-serif; color: #111111; padding: 0cm; border: 1pt none windowtext;\">\u00a0<\/span><\/p><p>\u00a0<\/p><p style=\"margin-bottom: 0.0001pt; line-height: normal; background-image: initial; background-position: initial; background-size: initial; background-repeat: initial; background-attachment: initial; background-origin: initial; background-clip: initial;\"><span style=\"font-family: Arial, sans-serif; color: #111111; padding: 0cm; border: 1pt none windowtext;\">Die Firma Seifriz AG f\u00fchrt s\u00e4mtliche anfallenden Gipserarbeiten in allen Gr\u00f6ssenordnungen (von der kleinsten Sanierung, bis zum gr\u00f6ssten Neubau) sauber und fachm\u00e4nnisch zu fairen Preisen aus. <\/span><span style=\"font-family: Arial, sans-serif; color: #111111; padding: 0cm; border: 1pt none windowtext;\">Testen Sie uns.<\/span><\/p>\t\t\t\t\t\t\t\t<\/div>\n\t\t\t\t<\/div>\n\t\t\t\t\t<\/div>\n\t\t<\/div>\n\t\t\t\t<div class=\"elementor-column elementor-col-50 elementor-top-column elementor-element elementor-element-45f5643f\" data-id=\"45f5643f\" data-element_type=\"column\" data-e-type=\"column\" data-settings=\"{&quot;background_background&quot;:&quot;classic&quot;}\">\n\t\t\t<div class=\"elementor-widget-wrap elementor-element-populated\">\n\t\t\t\t\t<div class=\"elementor-background-overlay\"><\/div>\n\t\t\t\t\t\t<div class=\"elementor-element elementor-element-d31a62d elementor-widget elementor-widget-image\" data-id=\"d31a62d\" data-element_type=\"widget\" data-e-type=\"widget\" data-widget_type=\"image.default\">\n\t\t\t\t<div class=\"elementor-widget-container\">\n\t\t\t\t\t\t\t\t\t\t\t\t\t\t\t<img fetchpriority=\"high\" decoding=\"async\" width=\"1024\" height=\"768\" src=\"https:\/\/seifrizag.ch\/wp-content\/uploads\/2022\/02\/Team-2-1024x768.jpg\" class=\"attachment-large size-large wp-image-39\" alt=\"\" srcset=\"https:\/\/seifrizag.ch\/wp-content\/uploads\/2022\/02\/Team-2-1024x768.jpg 1024w, https:\/\/seifrizag.ch\/wp-content\/uploads\/2022\/02\/Team-2-300x225.jpg 300w, https:\/\/seifrizag.ch\/wp-content\/uploads\/2022\/02\/Team-2-768x576.jpg 768w, https:\/\/seifrizag.ch\/wp-content\/uploads\/2022\/02\/Team-2-1536x1152.jpg 1536w, https:\/\/seifrizag.ch\/wp-content\/uploads\/2022\/02\/Team-2-2048x1536.jpg 2048w\" sizes=\"(max-width: 1024px) 100vw, 1024px\" \/>\t\t\t\t\t\t\t\t\t\t\t\t\t\t\t<\/div>\n\t\t\t\t<\/div>\n\t\t\t\t\t<\/div>\n\t\t<\/div>\n\t\t\t\t\t<\/div>\n\t\t<\/section>\n\t\t\t\t<\/div>\n\t\t","protected":false},"excerpt":{"rendered":"<p>Die Firma Seifriz kann auf eine langj\u00e4hrige Tradition zur\u00fcckblicken. 1957 gr\u00fcndeten Willi Frank und Alfred Seifriz die Kommanditgesellschaft Frank und Seifriz. 1972 \u00fcbernahm Alfred Seifriz die Aktiven von Willi Frank und gr\u00fcndete neu das Gipsergesch\u00e4ft A. Seifriz. \u00a0 Im selben Jahr trat auch der jetzige Gesch\u00e4ftsinhaber Peter Seifriz in die Firma ein. 1980 wurde aus [&hellip;]<\/p>\n","protected":false},"author":1,"featured_media":0,"parent":0,"menu_order":0,"comment_status":"closed","ping_status":"closed","template":"elementor_header_footer","meta":{"ocean_post_layout":"","ocean_both_sidebars_style":"","ocean_both_sidebars_content_width":0,"ocean_both_sidebars_sidebars_width":0,"ocean_sidebar":"","ocean_second_sidebar":"","ocean_disable_margins":"enable","ocean_add_body_class":"","ocean_shortcode_before_top_bar":"","ocean_shortcode_after_top_bar":"","ocean_shortcode_before_header":"","ocean_shortcode_after_header":"","ocean_has_shortcode":"","ocean_shortcode_after_title":"","ocean_shortcode_before_footer_widgets":"","ocean_shortcode_after_footer_widgets":"","ocean_shortcode_before_footer_bottom":"","ocean_shortcode_after_footer_bottom":"","ocean_display_top_bar":"default","ocean_display_header":"default","ocean_header_style":"","ocean_center_header_left_menu":"","ocean_custom_header_template":"","ocean_custom_logo":0,"ocean_custom_retina_logo":0,"ocean_custom_logo_max_width":0,"ocean_custom_logo_tablet_max_width":0,"ocean_custom_logo_mobile_max_width":0,"ocean_custom_logo_max_height":0,"ocean_custom_logo_tablet_max_height":0,"ocean_custom_logo_mobile_max_height":0,"ocean_header_custom_menu":"","ocean_menu_typo_font_family":"","ocean_menu_typo_font_subset":"","ocean_menu_typo_font_size":0,"ocean_menu_typo_font_size_tablet":0,"ocean_menu_typo_font_size_mobile":0,"ocean_menu_typo_font_size_unit":"px","ocean_menu_typo_font_weight":"","ocean_menu_typo_font_weight_tablet":"","ocean_menu_typo_font_weight_mobile":"","ocean_menu_typo_transform":"","ocean_menu_typo_transform_tablet":"","ocean_menu_typo_transform_mobile":"","ocean_menu_typo_line_height":0,"ocean_menu_typo_line_height_tablet":0,"ocean_menu_typo_line_height_mobile":0,"ocean_menu_typo_line_height_unit":"","ocean_menu_typo_spacing":0,"ocean_menu_typo_spacing_tablet":0,"ocean_menu_typo_spacing_mobile":0,"ocean_menu_typo_spacing_unit":"","ocean_menu_link_color":"","ocean_menu_link_color_hover":"","ocean_menu_link_color_active":"","ocean_menu_link_background":"","ocean_menu_link_hover_background":"","ocean_menu_link_active_background":"","ocean_menu_social_links_bg":"","ocean_menu_social_hover_links_bg":"","ocean_menu_social_links_color":"","ocean_menu_social_hover_links_color":"","ocean_disable_title":"default","ocean_disable_heading":"default","ocean_post_title":"","ocean_post_subheading":"","ocean_post_title_style":"","ocean_post_title_background_color":"","ocean_post_title_background":0,"ocean_post_title_bg_image_position":"","ocean_post_title_bg_image_attachment":"","ocean_post_title_bg_image_repeat":"","ocean_post_title_bg_image_size":"","ocean_post_title_height":0,"ocean_post_title_bg_overlay":0.5,"ocean_post_title_bg_overlay_color":"","ocean_disable_breadcrumbs":"default","ocean_breadcrumbs_color":"","ocean_breadcrumbs_separator_color":"","ocean_breadcrumbs_links_color":"","ocean_breadcrumbs_links_hover_color":"","ocean_display_footer_widgets":"default","ocean_display_footer_bottom":"default","ocean_custom_footer_template":"","footnotes":""},"class_list":["post-416","page","type-page","status-publish","hentry","entry"],"_links":{"self":[{"href":"https:\/\/seifrizag.ch\/index.php\/wp-json\/wp\/v2\/pages\/416","targetHints":{"allow":["GET"]}}],"collection":[{"href":"https:\/\/seifrizag.ch\/index.php\/wp-json\/wp\/v2\/pages"}],"about":[{"href":"https:\/\/seifrizag.ch\/index.php\/wp-json\/wp\/v2\/types\/page"}],"author":[{"embeddable":true,"href":"https:\/\/seifrizag.ch\/index.php\/wp-json\/wp\/v2\/users\/1"}],"replies":[{"embeddable":true,"href":"https:\/\/seifrizag.ch\/index.php\/wp-json\/wp\/v2\/comments?post=416"}],"version-history":[{"count":0,"href":"https:\/\/seifrizag.ch\/index.php\/wp-json\/wp\/v2\/pages\/416\/revisions"}],"wp:attachment":[{"href":"https:\/\/seifrizag.ch\/index.php\/wp-json\/wp\/v2\/media?parent=416"}],"curies":[{"name":"wp","href":"https:\/\/api.w.org\/{rel}","templated":true}]}}